{"id":1049754,"date":"2023-08-08T04:13:41","date_gmt":"2023-08-08T02:13:41","guid":{"rendered":"https:\/\/jrmyfranck.com\/?page_id=1049754"},"modified":"2023-10-19T10:55:38","modified_gmt":"2023-10-19T08:55:38","slug":"accueil","status":"publish","type":"page","link":"https:\/\/jrmyfranck.com\/fr\/","title":{"rendered":"Accueil"},"content":{"rendered":"<section class=\"wp-block-greenshift-blocks-container alignfull gspb_container gspb_container-gsbp-8ab631c1-ce60 section\" id=\"gspb_container-id-gsbp-8ab631c1-ce60\">\n<div class=\"wp-block-greenshift-blocks-container gspb_container gspb_container-gsbp-75cdab58-4425 container\" id=\"gspb_container-id-gsbp-75cdab58-4425\">\n<h1 id=\"gspb_heading-id-gsbp-086146c9-ceea\" class=\"gspb_heading gspb_heading-id-gsbp-086146c9-ceea\">Bonjour\u00a0! <br>Je m&#8217;appelle J\u00e9r\u00e9my Franck.<\/h1>\n\n\n\n<p id=\"gspb_text-id-gsbp-35a9f94b-4cec\" class=\"gspb_text gspb_text-id-gsbp-35a9f94b-4cec\">Mais vous pouvez m&#8217;appeler @jrmyfranck, ou Francky, comme mes amis. Vous pouvez m&#8217;appeler un designer, un consultant, ou un \u201cbrand strategist\u201d \u2014 en fait, vous pouvez m&#8217;appeler un peu comme vous le souhaitez.<\/p>\n\n\n\n<p id=\"gspb_text-id-gsbp-79e53783-07ed\" class=\"gspb_text gspb_text-id-gsbp-79e53783-07ed\">Mon titre n&#8217;a pas tellement d&#8217;importance. Ce qui est important, en revanche, c&#8217;est ce que je fais.<\/p>\n\n\n\n<p id=\"gspb_text-id-gsbp-d6ed1f2a-3081\" class=\"gspb_text gspb_text-id-gsbp-d6ed1f2a-3081\">Et donc\u2026\u00a0<strong><em>Qu&#8217;est-ce que je fais, exactement\u00a0?<\/em><\/strong><\/p>\n\n\n\n<p id=\"gspb_text-id-gsbp-b3703610-e065\" class=\"gspb_text gspb_text-id-gsbp-b3703610-e065\">Et bien, j&#8217;aide les\u00a0<strong>petites et moyennes entreprises<\/strong>\u00a0en cr\u00e9ant des solutions \u00e0 leurs\u00a0<strong>probl\u00e8mes de branding, de communication visuelle, de pr\u00e9sence en ligne et de strat\u00e9gie num\u00e9rique.<\/strong>\u00a0<\/p>\n\n\n\n<p id=\"gspb_text-id-gsbp-2c58a0bc-f4d1\" class=\"gspb_text gspb_text-id-gsbp-2c58a0bc-f4d1\"><strong>Pour dire les choses simplement<\/strong>, si vous \u00eates une entreprise et que vous avez un probl\u00e8me avec votre logo, votre site, ou votre campagne marketing, nous devrions parler : je peux probablement vous aider.<\/p>\n\n\n\n<p id=\"gspb_text-id-gsbp-8e37c284-8aeb\" class=\"gspb_text gspb_text-id-gsbp-8e37c284-8aeb\">Imaginez ceci\u00a0: des clients qui font la queue pour acheter vos produits (et surtout,\u00a0<em>qui reviennent\u00a0!<\/em>) pendant que vous vous concentrez sur la croissance de votre entreprise, au lieu de jongler avec votre savoir-faire\u00a0<strong>ET<\/strong>\u00a0vos stat\u00e9gies marketing et de communication dans le m\u00eame temps. Plut\u00f4t sympathique comme id\u00e9e, non\u00a0?<\/p>\n\n\n\n<p id=\"gspb_text-id-gsbp-3b1f28b4-eae2\" class=\"gspb_text gspb_text-id-gsbp-3b1f28b4-eae2\">Et bien, ensemble, nous pouvons en faire une r\u00e9alit\u00e9.<\/p>\n\n\n\n<div class=\"wp-block-greenshift-blocks-iconlist gspb_iconsList gspb_iconsList-id-gsbp-b85540de-b7e6\" id=\"gspb_iconsList-id-gsbp-b85540de-b7e6\"><ul><li class=\"gspb_iconsList__item\" data-id=\"0\"><svg class=\"\" style=\"display:inline-block;vertical-align:middle\" width=\"18\" height=\"18\" viewbox=\"0 0 896 1024\" xmlns=\"http:\/\/www.w3.org\/2000\/svg\"><path style=\"fill:#565D66\" d=\"M436.202 76.202l-39.598 39.598c-9.372 9.372-9.372 24.568 0 33.942l310.26 310.258h-682.864c-13.254 0-24 10.746-24 24v56c0 13.254 10.746 24 24 24h682.864l-310.26 310.26c-9.372 9.372-9.372 24.568 0 33.942l39.598 39.598c9.372 9.372 24.568 9.372 33.942 0l418.828-418.828c9.372-9.372 9.372-24.568 0-33.942l-418.83-418.828c-9.372-9.374-24.568-9.374-33.94 0z\"><\/path><\/svg><span class=\"gspb_iconsList__item__text\">R\u00e9flexion strat\u00e9gique\u00a0?\u00a0<strong>\u00c9videmment.<\/strong><\/span><\/li><li class=\"gspb_iconsList__item\" data-id=\"1\"><svg class=\"\" style=\"display:inline-block;vertical-align:middle\" width=\"18\" height=\"18\" viewbox=\"0 0 896 1024\" xmlns=\"http:\/\/www.w3.org\/2000\/svg\"><path style=\"fill:#565D66\" d=\"M436.202 76.202l-39.598 39.598c-9.372 9.372-9.372 24.568 0 33.942l310.26 310.258h-682.864c-13.254 0-24 10.746-24 24v56c0 13.254 10.746 24 24 24h682.864l-310.26 310.26c-9.372 9.372-9.372 24.568 0 33.942l39.598 39.598c9.372 9.372 24.568 9.372 33.942 0l418.828-418.828c9.372-9.372 9.372-24.568 0-33.942l-418.83-418.828c-9.372-9.374-24.568-9.374-33.94 0z\"><\/path><\/svg><span class=\"gspb_iconsList__item__text\">Am\u00e9liorer l&#8217;exp\u00e9rience de vos clients existants tout en attirant plus de clients potentiels\u00a0?\u00a0<strong>Bien s\u00fbr.<\/strong><\/span><\/li><li class=\"gspb_iconsList__item\" data-id=\"2\"><svg class=\"\" style=\"display:inline-block;vertical-align:middle\" width=\"18\" height=\"18\" viewbox=\"0 0 896 1024\" xmlns=\"http:\/\/www.w3.org\/2000\/svg\"><path style=\"fill:#565D66\" d=\"M436.202 76.202l-39.598 39.598c-9.372 9.372-9.372 24.568 0 33.942l310.26 310.258h-682.864c-13.254 0-24 10.746-24 24v56c0 13.254 10.746 24 24 24h682.864l-310.26 310.26c-9.372 9.372-9.372 24.568 0 33.942l39.598 39.598c9.372 9.372 24.568 9.372 33.942 0l418.828-418.828c9.372-9.372 9.372-24.568 0-33.942l-418.83-418.828c-9.372-9.374-24.568-9.374-33.94 0z\"><\/path><\/svg><span class=\"gspb_iconsList__item__text\">Une identit\u00e9 de marque compl\u00e8te, en incluant jusqu&#8217;aux plus petits d\u00e9tails, et avec une myriade d&#8217;applications possibles\u00a0?\u00a0<strong>Aucun probl\u00e8me.<\/strong><\/span><\/li><li class=\"gspb_iconsList__item\" data-id=\"3\"><svg class=\"\" style=\"display:inline-block;vertical-align:middle\" width=\"18\" height=\"18\" viewbox=\"0 0 896 1024\" xmlns=\"http:\/\/www.w3.org\/2000\/svg\"><path style=\"fill:#565D66\" d=\"M436.202 76.202l-39.598 39.598c-9.372 9.372-9.372 24.568 0 33.942l310.26 310.258h-682.864c-13.254 0-24 10.746-24 24v56c0 13.254 10.746 24 24 24h682.864l-310.26 310.26c-9.372 9.372-9.372 24.568 0 33.942l39.598 39.598c9.372 9.372 24.568 9.372 33.942 0l418.828-418.828c9.372-9.372 9.372-24.568 0-33.942l-418.83-418.828c-9.372-9.374-24.568-9.374-33.94 0z\"><\/path><\/svg><span class=\"gspb_iconsList__item__text\">Un site responsive fait sur mesure, accompagn\u00e9 d&#8217;un syst\u00e8me de gestion de contenu et d&#8217;une strat\u00e9gie r\u00e9seaux sociaux\u00a0?\u00a0<strong>Ne cherchez pas plus loin.<\/strong><\/span><\/li><\/ul><\/div>\n\n\n\n<p id=\"gspb_text-id-gsbp-16962ed2-bd8c\" class=\"gspb_text gspb_text-id-gsbp-16962ed2-bd8c\">La meilleure partie\u00a0?<\/p>\n\n\n\n<p id=\"gspb_text-id-gsbp-74b1d2c6-aa67\" class=\"gspb_text gspb_text-id-gsbp-74b1d2c6-aa67\"><strong>Je peux construire cette solution pour vous. Pas juste l&#8217;imaginer.<\/strong>\u00a0De cette fa\u00e7on, vous pouvez \u00eatre s\u00fbr que la personne qui construit vos outils marketing comprend vraiment ce que vous souhaitez accomplir, vos difficult\u00e9s, vos buts : un seul interlocuteur, de bout-en-bout, durant toute la dur\u00e9e du projet.<\/p>\n\n\n\n<p id=\"gspb_text-id-gsbp-d71b28fe-2ee3\" class=\"gspb_text gspb_text-id-gsbp-d71b28fe-2ee3\">Plus de freelances qui vont et viennent, plus de tactiques hasardeuses et \u00e9clectiques.<\/p>\n\n\n\n<p id=\"gspb_text-id-gsbp-85f74967-662d\" class=\"gspb_text gspb_text-id-gsbp-85f74967-662d\">Une seule strat\u00e9gie qui consid\u00e8re l&#8217;ensemble du probl\u00e8me, cr\u00e9\u00e9e en partenariat avec vous, sp\u00e9cialement pour votre situation.<\/p>\n\n\n\n<p id=\"gspb_text-id-gsbp-293d3589-fba6\" class=\"gspb_text gspb_text-id-gsbp-293d3589-fba6\">\u00c7a vous para\u00eet int\u00e9ressant\u00a0?<\/p>\n\n\n\n<p id=\"gspb_text-id-gsbp-e61cff5e-ed28\" class=\"gspb_text gspb_text-id-gsbp-e61cff5e-ed28\">Alors parlons de comment faire de votre prochain projet une r\u00e9ussite incontest\u00e9e. \ud83d\ude09<\/p>\n\n\n\n<div class=\"wp-block-greenshift-blocks-button gspb_button_wrapper gspb_button-id-gsbp-f73dcd8b-2918 tt-uppercase gs-button gs-button--big\" id=\"gspb_button-id-gsbp-f73dcd8b-2918\"><a class=\"gspb-buttonbox\" href=\"\/fr\/new-project\/\" rel=\"noopener\"><span class=\"gspb-buttonbox-textwrap\"><span class=\"gspb-buttonbox-text\"><span class=\"gspb-buttonbox-title\">Discutons<\/span><\/span><\/span><\/a><\/div>\n<\/div>\n<\/section>","protected":false},"excerpt":{"rendered":"","protected":false},"author":1,"featured_media":0,"parent":0,"menu_order":-999,"comment_status":"closed","ping_status":"closed","template":"","meta":{"_acf_changed":false,"_gspb_post_css":"#gspb_heading-id-gsbp-086146c9-ceea{font-family:Spectral,sans-serif;font-size:3.75rem;line-height:1em;letter-spacing:-.05em;font-weight:600!important;margin-top:0;margin-bottom:1em}#gspb_iconsList-id-gsbp-b85540de-b7e6.gspb_iconsList .gspb_iconsList__item__text{margin-left:15px}#gspb_iconsList-id-gsbp-b85540de-b7e6.gspb_iconsList .gspb_iconsList__item{display:flex;flex-direction:row;align-items:flex-start;position:relative;font-family:Spectral,sans-serif;font-size:1.3125rem;line-height:1.5em;margin-bottom:.75rem}#gspb_iconsList-id-gsbp-b85540de-b7e6.gspb_iconsList .gspb_iconsList__item svg path{fill:var(--wp--preset--color--palette-color-4, var(--theme-palette-color-4, #192a3d))!important}#gspb_iconsList-id-gsbp-b85540de-b7e6.gspb_iconsList .gspb_iconsList__item img,#gspb_iconsList-id-gsbp-b85540de-b7e6.gspb_iconsList .gspb_iconsList__item svg{width:14px!important;height:14px!important;min-width:14px}body #gspb_iconsList-id-gsbp-b85540de-b7e6.gspb_iconsList .gspb_iconsList__item img,body #gspb_iconsList-id-gsbp-b85540de-b7e6.gspb_iconsList .gspb_iconsList__item svg{margin:0!important}#gspb_iconsList-id-gsbp-b85540de-b7e6.gspb_iconsList{margin-bottom:3.75rem}#gspb_iconsList-id-gsbp-b85540de-b7e6.gspb_iconsList [data-id='0'] svg,#gspb_iconsList-id-gsbp-b85540de-b7e6.gspb_iconsList [data-id='1'] svg{height:1.5em!important;fill:currentColor!important;margin:0!important}#gspb_iconsList-id-gsbp-b85540de-b7e6.gspb_iconsList [data-id='0'] svg path,#gspb_iconsList-id-gsbp-b85540de-b7e6.gspb_iconsList [data-id='1'] svg path{fill:currentColor!important}#gspb_iconsList-id-gsbp-b85540de-b7e6.gspb_iconsList [data-id='2'] svg,#gspb_iconsList-id-gsbp-b85540de-b7e6.gspb_iconsList [data-id='3'] svg{height:1.5em!important;fill:currentColor!important;margin:0!important}#gspb_iconsList-id-gsbp-b85540de-b7e6.gspb_iconsList [data-id='2'] svg path,#gspb_iconsList-id-gsbp-b85540de-b7e6.gspb_iconsList [data-id='3'] svg path{fill:currentColor!important}#gspb_iconsList-id-gsbp-b85540de-b7e6.gspb_iconsList ul{margin:0;padding:0}.gspb_text-id-gsbp-16962ed2-bd8c,.gspb_text-id-gsbp-293d3589-fba6,.gspb_text-id-gsbp-2c58a0bc-f4d1,.gspb_text-id-gsbp-35a9f94b-4cec,.gspb_text-id-gsbp-3b1f28b4-eae2,.gspb_text-id-gsbp-74b1d2c6-aa67,.gspb_text-id-gsbp-79e53783-07ed,.gspb_text-id-gsbp-85f74967-662d,.gspb_text-id-gsbp-8e37c284-8aeb,.gspb_text-id-gsbp-b3703610-e065,.gspb_text-id-gsbp-d6ed1f2a-3081,.gspb_text-id-gsbp-d71b28fe-2ee3,.gspb_text-id-gsbp-e61cff5e-ed28{font-family:Spectral,sans-serif;font-size:1.3125rem;line-height:1.5em;margin-top:0!important}.gspb_button-id-gsbp-f73dcd8b-2918{display:flex;justify-content:center}.gspb_button-id-gsbp-f73dcd8b-2918 .gspb-buttonbox-text{display:flex;flex-direction:column}.gspb_button-id-gsbp-f73dcd8b-2918>.gspb-buttonbox{display:var(--display, inline-flex);text-align:center;font-family:var(--theme-button-font-family, var(--theme-font-family));font-size:var(--theme-button-font-size);font-weight:var(--theme-button-font-weight);font-style:var(--theme-button-font-style);line-height:var(--theme-button-line-height);letter-spacing:var(--theme-button-letter-spacing);text-transform:var(--theme-button-text-transform);-webkit-text-decoration:var(--theme-button-text-decoration);text-decoration:var(--theme-button-text-decoration);color:var(--theme-button-text-initial-color);border:var(--theme-button-border);background-color:var(--theme-button-background-initial-color);min-height:var(--theme-button-min-height);appearance:none;user-select:none;border-radius:var(--theme-button-border-radius, 3px);--has-link-decoration:var(--false);padding:var(--theme-button-padding);align-items:center;justify-content:center;position:relative;z-index:0;cursor:pointer;box-sizing:border-box;margin-top:3.75rem;margin-bottom:3.75rem;padding:.75rem 1.5rem;background-color:var(--wp--preset--color--transparent, transparent);letter-spacing:.05em;font-weight:600!important;color:var(--wp--preset--color--base-ultra-dark, var(--base-ultra-dark));border-style:solid;border-width:2px;border-color:var(--wp--preset--color--base, var(--base))}.gspb_button-id-gsbp-f73dcd8b-2918>.gspb-buttonbox:hover{border-color:var(--theme-button-border-hover-color);color:var(--theme-button-text-hover-color);background-color:var(--theme-button-background-hover-color);background-color:var(--wp--preset--color--palette-color-4, var(--theme-palette-color-4, #192a3d))!important;color:var(--wp--preset--color--palette-color-8, var(--theme-palette-color-8, #ffffff));border-style:solid;border-width:2px;border-color:var(--wp--preset--color--palette-color-4, var(--theme-palette-color-4, #192a3d))}.gspb_button-id-gsbp-f73dcd8b-2918>.gspb-buttonbox,.gspb_button-id-gsbp-f73dcd8b-2918>.gspb-buttonbox>.gspb_backgroundOverlay{border-top-left-radius:.75rem;border-top-right-radius:.75rem;border-bottom-right-radius:.75rem;border-bottom-left-radius:.75rem}.gspb_button-id-gsbp-f73dcd8b-2918>.gspb-buttonbox,.gspb_button-id-gsbp-f73dcd8b-2918>.gspb-buttonbox .gspb-buttonbox-icon svg,.gspb_button-id-gsbp-f73dcd8b-2918>.gspb-buttonbox .gspb-buttonbox-icon svg path{transition:background .5s cubic-bezier(.165,.84,.44,1)}#gspb_container-id-gsbp-75cdab58-4425.gspb_container,#gspb_container-id-gsbp-8ab631c1-ce60.gspb_container{position:relative;flex-direction:column;box-sizing:border-box}#gspb_container-id-gsbp-75cdab58-4425.gspb_container>p:last-of-type,#gspb_container-id-gsbp-8ab631c1-ce60.gspb_container>p:last-of-type{margin-bottom:0}","footnotes":""},"class_list":["post-1049754","page","type-page","status-publish","hentry"],"blocksy_meta":{"page_structure_type":"type-3","has_hero_section":"disabled","vertical_spacing_source":"custom","content_area_spacing":"none"},"acf":[],"_links":{"self":[{"href":"https:\/\/jrmyfranck.com\/fr\/wp-json\/wp\/v2\/pages\/1049754","targetHints":{"allow":["GET"]}}],"collection":[{"href":"https:\/\/jrmyfranck.com\/fr\/wp-json\/wp\/v2\/pages"}],"about":[{"href":"https:\/\/jrmyfranck.com\/fr\/wp-json\/wp\/v2\/types\/page"}],"author":[{"embeddable":true,"href":"https:\/\/jrmyfranck.com\/fr\/wp-json\/wp\/v2\/users\/1"}],"replies":[{"embeddable":true,"href":"https:\/\/jrmyfranck.com\/fr\/wp-json\/wp\/v2\/comments?post=1049754"}],"version-history":[{"count":5,"href":"https:\/\/jrmyfranck.com\/fr\/wp-json\/wp\/v2\/pages\/1049754\/revisions"}],"predecessor-version":[{"id":1170380,"href":"https:\/\/jrmyfranck.com\/fr\/wp-json\/wp\/v2\/pages\/1049754\/revisions\/1170380"}],"wp:attachment":[{"href":"https:\/\/jrmyfranck.com\/fr\/wp-json\/wp\/v2\/media?parent=1049754"}],"curies":[{"name":"wp","href":"https:\/\/api.w.org\/{rel}","templated":true}]}}